{"id":149,"date":"2020-10-12T17:20:54","date_gmt":"2020-10-12T15:20:54","guid":{"rendered":"http:\/\/sunservices.de\/?page_id=149"},"modified":"2021-09-20T11:16:40","modified_gmt":"2021-09-20T09:16:40","slug":"company-profile","status":"publish","type":"page","link":"http:\/\/sunservices.de\/en\/company-profile\/","title":{"rendered":"about us"},"content":{"rendered":"<div data-elementor-type=\"wp-page\" data-elementor-id=\"149\" class=\"elementor elementor-149\" data-elementor-settings=\"[]\">\n\t\t\t\t\t\t<div class=\"elementor-inner\">\n\t\t\t\t\t\t\t<div class=\"elementor-section-wrap\">\n\t\t\t\t\t\t\t<section class=\"elementor-section elementor-top-section elementor-element elementor-element-7929882 elementor-section-boxed elementor-section-height-default elementor-section-height-default\" data-id=\"7929882\" data-element_type=\"section\">\n\t\t\t\t\t\t<div class=\"elementor-container elementor-column-gap-default\">\n\t\t\t\t\t\t\t<div class=\"elementor-row\">\n\t\t\t\t\t<div class=\"elementor-column elementor-col-100 elementor-top-column elementor-element elementor-element-72cc3cb\" data-id=\"72cc3cb\" data-element_type=\"column\">\n\t\t\t<div class=\"elementor-column-wrap elementor-element-populated\">\n\t\t\t\t\t\t\t<div class=\"elementor-widget-wrap\">\n\t\t\t\t\t\t<div class=\"elementor-element elementor-element-ccb5618 elementor-widget elementor-widget-text-editor\" data-id=\"ccb5618\" data-element_type=\"widget\" data-widget_type=\"text-editor.default\">\n\t\t\t\t<div class=\"elementor-widget-container\">\n\t\t\t\t\t<div class=\"elementor-text-editor elementor-clearfix\"><p>\u00a0<\/p><p>\u00a0<\/p><\/div>\n\t\t\t\t<\/div>\n\t\t\t\t<\/div>\n\t\t\t\t\t\t<\/div>\n\t\t\t\t\t<\/div>\n\t\t<\/div>\n\t\t\t\t\t\t\t\t<\/div>\n\t\t\t\t\t<\/div>\n\t\t<\/section>\n\t\t\t\t<section class=\"elementor-section elementor-top-section elementor-element elementor-element-9e4ed7a elementor-section-content-middle elementor-section-boxed elementor-section-height-default elementor-section-height-default\" data-id=\"9e4ed7a\" data-element_type=\"section\">\n\t\t\t\t\t\t<div class=\"elementor-container elementor-column-gap-no\">\n\t\t\t\t\t\t\t<div class=\"elementor-row\">\n\t\t\t\t\t<div class=\"elementor-column elementor-col-100 elementor-top-column elementor-element elementor-element-674948ea\" data-id=\"674948ea\" data-element_type=\"column\">\n\t\t\t<div class=\"elementor-column-wrap elementor-element-populated\">\n\t\t\t\t\t\t\t<div class=\"elementor-widget-wrap\">\n\t\t\t\t\t\t<div class=\"elementor-element elementor-element-4d13552f elementor-widget elementor-widget-text-editor\" data-id=\"4d13552f\" data-element_type=\"widget\" data-widget_type=\"text-editor.default\">\n\t\t\t\t<div class=\"elementor-widget-container\">\n\t\t\t\t\t<div class=\"elementor-text-editor elementor-clearfix\"><div style=\"font-variant-ligatures: normal; font-variant-caps: normal; font-family: Arial, Helvetica, sans-serif; font-size: 20px; font-style: normal; font-weight: 600; width: 871px; color: #62cc3f; letter-spacing: 7.3px; text-align: start;\" data-id=\"2e23936d\" data-element_type=\"widget\" data-widget_type=\"heading.default\"><div style=\"font-size: 20px;\"><h3 style=\"font-family: 'Playfair Display', sans-serif; font-size: 36px; font-weight: normal; color: #8daca6;\">Company profile<\/h3><div>\u00a0<\/div><\/div><\/div><div style=\"margin-bottom: 20px; font-variant-ligatures: normal; font-variant-caps: normal; font-family: Roboto, sans-serif; font-size: 20px; font-style: normal; font-weight: var( --e-global-typography-text-font-weight ); width: 871px; letter-spacing: 7.3px; text-align: start;\" data-id=\"2cb0fba\" data-element_type=\"widget\" data-widget_type=\"text-editor.default\"><div style=\"font-size: 20px;\"><div style=\"font-size: 20px;\"><div><div><h2>Knowledge and quality - sun-services<\/h2><h4>Many years of experience and expert knowledge are the best protection for your photovoltaic system.<\/h4><p><span style=\"color: #757575;\">Benefit from our many years of experience in the field of PV services.<\/span><\/p><p><span style=\"color: #757575;\"><strong>As a manufacturer-independent expert company,<\/strong> As a manufacturer-independent expert company, we offer solar module manufacturers, distributors or operators as well as insurers of photovoltaic systems a comprehensive service in the field of<strong> quality monitoring of larger photovoltaic systems<\/strong>.<\/span><\/p><p><span style=\"color: #757575;\">Our <strong>PV services<\/strong> include professional <strong>projecting planning, cleaning, monitoring, diagnosis<\/strong> and <strong>analysis<\/strong>, <strong>troubleshooting<\/strong>, <strong>maintenance<\/strong>, <strong>repair<\/strong> and <strong>and refurbishment<\/strong> of your photovoltaic systems as well as the<strong> procurement of spare parts<\/strong>.<\/span><\/p><p><span style=\"color: #757575;\">We are also the right contact for the<strong> preparation of PV system reports.<\/strong> sind wir ebenfalls Ihr richtiger Ansprechpartner.<\/span><\/p><p><span style=\"color: #757575;\">We work closely with very experienced partner companies. Thus you receive all services completely from one source. This ensures short reaction times and minimizes the risk of failure.<\/span><\/p><\/div><\/div><div style=\"font-variant-ligatures: normal; font-variant-caps: normal; font-family: Arial, Helvetica, sans-serif; font-size: 12px; font-style: normal; font-weight: 400; color: #000000; letter-spacing: normal; text-transform: none;\"><table border=\"0\" align=\"left\"><tbody><tr><td>\u00a0<\/td><td><p style=\"text-align: left;\"><strong style=\"color: #575757; font-size: 12px;\">Joel Maximilian Stumpf<\/strong><span style=\"color: #575757;\"><strong><img loading=\"lazy\" class=\"wp-image-495 alignleft\" src=\"http:\/\/sunservices.de\/wp-content\/uploads\/2021\/04\/IMG_0442_jpg-2-Kopie-273x300.jpg\" alt=\"\" width=\"163\" height=\"179\" srcset=\"http:\/\/sunservices.de\/wp-content\/uploads\/2021\/04\/IMG_0442_jpg-2-Kopie-273x300.jpg 273w, http:\/\/sunservices.de\/wp-content\/uploads\/2021\/04\/IMG_0442_jpg-2-Kopie-768x843.jpg 768w, http:\/\/sunservices.de\/wp-content\/uploads\/2021\/04\/IMG_0442_jpg-2-Kopie-11x12.jpg 11w, http:\/\/sunservices.de\/wp-content\/uploads\/2021\/04\/IMG_0442_jpg-2-Kopie.jpg 881w\" sizes=\"(max-width: 163px) 100vw, 163px\" \/><\/strong><\/span><\/p><p style=\"text-align: left;\"><span style=\"color: #575757;\">- Owner of Sunservices -<\/span><\/p><p><span style=\"color: #575757;\"><em>Bachelor in agricultural sciences, trained agronomist<\/em><\/span><\/p><p><span style=\"color: #575757;\"><em style=\"font-size: 12px;\">Photovoltaic expert with professional experience <\/em><\/span><span style=\"color: #575757;\"><em style=\"font-size: 12px;\">in the solar industry since 2012<\/em><\/span><\/p><\/td><\/tr><\/tbody><\/table><\/div><\/div><\/div><\/div><\/div>\n\t\t\t\t<\/div>\n\t\t\t\t<\/div>\n\t\t\t\t\t\t<\/div>\n\t\t\t\t\t<\/div>\n\t\t<\/div>\n\t\t\t\t\t\t\t\t<\/div>\n\t\t\t\t\t<\/div>\n\t\t<\/section>\n\t\t\t\t\t\t<\/div>\n\t\t\t\t\t\t<\/div>\n\t\t\t\t\t<\/div>","protected":false},"excerpt":{"rendered":"<p>\u00a0 \u00a0 Unternehmens Profil \u00a0 Erfahrung und Qualit\u00e4t &#8211; Sun-Services Langj\u00e4hrige Erfahrung und Expertenwissen sind der beste Schutz Ihrer Photovoltaikanlage Profitieren Sie von unserer jahrelangen Erfahrung im Bereich PV-Serviceleistungen. wir bieten Distributoren oder Betreibern von Photovoltaikanlagen einen umfangreichen Service im Bereich der Qualit\u00e4ts\u00fcberwachung an gr\u00f6\u00dferen Photovoltaikanlagen. Zu unseren PV-Service-Leistungen geh\u00f6ren die fachgerechte Projektierung, Reinigung, \u00dcberwachung, [&hellip;]<\/p>","protected":false},"author":1,"featured_media":0,"parent":0,"menu_order":0,"comment_status":"closed","ping_status":"closed","template":"","meta":[],"_links":{"self":[{"href":"http:\/\/sunservices.de\/en\/wp-json\/wp\/v2\/pages\/149"}],"collection":[{"href":"http:\/\/sunservices.de\/en\/wp-json\/wp\/v2\/pages"}],"about":[{"href":"http:\/\/sunservices.de\/en\/wp-json\/wp\/v2\/types\/page"}],"author":[{"embeddable":true,"href":"http:\/\/sunservices.de\/en\/wp-json\/wp\/v2\/users\/1"}],"replies":[{"embeddable":true,"href":"http:\/\/sunservices.de\/en\/wp-json\/wp\/v2\/comments?post=149"}],"version-history":[{"count":29,"href":"http:\/\/sunservices.de\/en\/wp-json\/wp\/v2\/pages\/149\/revisions"}],"predecessor-version":[{"id":522,"href":"http:\/\/sunservices.de\/en\/wp-json\/wp\/v2\/pages\/149\/revisions\/522"}],"wp:attachment":[{"href":"http:\/\/sunservices.de\/en\/wp-json\/wp\/v2\/media?parent=149"}],"curies":[{"name":"wp","href":"https:\/\/api.w.org\/{rel}","templated":true}]}}